{"id":491,"date":"2020-10-07T14:43:34","date_gmt":"2020-10-07T14:43:34","guid":{"rendered":"http:\/\/joesgarage.se\/?page_id=491"},"modified":"2022-02-18T16:25:04","modified_gmt":"2022-02-18T15:25:04","slug":"miljo","status":"publish","type":"page","link":"https:\/\/joesgarage.se\/?page_id=491","title":{"rendered":"Milj\u00f6"},"content":{"rendered":"\t\t<div data-elementor-type=\"wp-post\" data-elementor-id=\"491\" class=\"elementor elementor-491\">\n\t\t\t\t\t\t\t\t\t<section class=\"elementor-section elementor-top-section elementor-element elementor-element-d7d8b56 elementor-section-boxed elementor-section-height-default elementor-section-height-default\" data-id=\"d7d8b56\" data-element_type=\"section\" data-settings=\"{&quot;background_background&quot;:&quot;classic&quot;}\">\n\t\t\t\t\t\t\t<div class=\"elementor-background-overlay\"><\/div>\n\t\t\t\t\t\t\t<div class=\"elementor-container elementor-column-gap-default\">\n\t\t\t\t\t<div class=\"elementor-column elementor-col-33 elementor-top-column elementor-element elementor-element-b3d335b\" data-id=\"b3d335b\" data-element_type=\"column\">\n\t\t\t<div class=\"elementor-widget-wrap\">\n\t\t\t\t\t\t\t\t\t<\/div>\n\t\t<\/div>\n\t\t\t\t<div class=\"elementor-column elementor-col-33 elementor-top-column elementor-element elementor-element-fd69444\" data-id=\"fd69444\" data-element_type=\"column\">\n\t\t\t<div class=\"elementor-widget-wrap elementor-element-populated\">\n\t\t\t\t\t\t\t\t<div class=\"elementor-element elementor-element-abcc2f2 elementor-widget elementor-widget-heading\" data-id=\"abcc2f2\" data-element_type=\"widget\" data-widget_type=\"heading.default\">\n\t\t\t\t<div class=\"elementor-widget-container\">\n\t\t\t<style>\/*! elementor - v3.7.8 - 02-10-2022 *\/\n.elementor-heading-title{padding:0;margin:0;line-height:1}.elementor-widget-heading .elementor-heading-title[class*=elementor-size-]>a{color:inherit;font-size:inherit;line-height:inherit}.elementor-widget-heading .elementor-heading-title.elementor-size-small{font-size:15px}.elementor-widget-heading .elementor-heading-title.elementor-size-medium{font-size:19px}.elementor-widget-heading .elementor-heading-title.elementor-size-large{font-size:29px}.elementor-widget-heading .elementor-heading-title.elementor-size-xl{font-size:39px}.elementor-widget-heading .elementor-heading-title.elementor-size-xxl{font-size:59px}<\/style><h1 class=\"elementor-heading-title elementor-size-default\">Milj\u00f6policy<\/h1>\t\t<\/div>\n\t\t\t\t<\/div>\n\t\t\t\t\t<\/div>\n\t\t<\/div>\n\t\t\t\t<div class=\"elementor-column elementor-col-33 elementor-top-column elementor-element elementor-element-674669b\" data-id=\"674669b\" data-element_type=\"column\">\n\t\t\t<div class=\"elementor-widget-wrap\">\n\t\t\t\t\t\t\t\t\t<\/div>\n\t\t<\/div>\n\t\t\t\t\t\t\t<\/div>\n\t\t<\/section>\n\t\t\t\t<section class=\"elementor-section elementor-top-section elementor-element elementor-element-5c40d7b elementor-section-boxed elementor-section-height-default elementor-section-height-default\" data-id=\"5c40d7b\" data-element_type=\"section\">\n\t\t\t\t\t\t<div class=\"elementor-container elementor-column-gap-default\">\n\t\t\t\t\t<div class=\"elementor-column elementor-col-50 elementor-top-column elementor-element elementor-element-2ebbf9c\" data-id=\"2ebbf9c\" data-element_type=\"column\">\n\t\t\t<div class=\"elementor-widget-wrap elementor-element-populated\">\n\t\t\t\t\t\t\t\t<div class=\"elementor-element elementor-element-fe195c7 elementor-widget elementor-widget-heading\" data-id=\"fe195c7\" data-element_type=\"widget\" data-widget_type=\"heading.default\">\n\t\t\t\t<div class=\"elementor-widget-container\">\n\t\t\t<h2 class=\"elementor-heading-title elementor-size-default\">milj\u00f6<\/h2>\t\t<\/div>\n\t\t\t\t<\/div>\n\t\t\t\t<div class=\"elementor-element elementor-element-dc051dd elementor-widget-divider--view-line elementor-widget elementor-widget-divider\" data-id=\"dc051dd\" data-element_type=\"widget\" data-widget_type=\"divider.default\">\n\t\t\t\t<div class=\"elementor-widget-container\">\n\t\t\t<style>\/*! elementor - v3.7.8 - 02-10-2022 *\/\n.elementor-widget-divider{--divider-border-style:none;--divider-border-width:1px;--divider-color:#2c2c2c;--divider-icon-size:20px;--divider-element-spacing:10px;--divider-pattern-height:24px;--divider-pattern-size:20px;--divider-pattern-url:none;--divider-pattern-repeat:repeat-x}.elementor-widget-divider .elementor-divider{display:-webkit-box;display:-ms-flexbox;display:flex}.elementor-widget-divider .elementor-divider__text{font-size:15px;line-height:1;max-width:95%}.elementor-widget-divider .elementor-divider__element{margin:0 var(--divider-element-spacing);-ms-flex-negative:0;flex-shrink:0}.elementor-widget-divider .elementor-icon{font-size:var(--divider-icon-size)}.elementor-widget-divider .elementor-divider-separator{display:-webkit-box;display:-ms-flexbox;display:flex;margin:0;direction:ltr}.elementor-widget-divider--view-line_icon .elementor-divider-separator,.elementor-widget-divider--view-line_text .elementor-divider-separator{-webkit-box-align:center;-ms-flex-align:center;align-items:center}.elementor-widget-divider--view-line_icon .elementor-divider-separator:after,.elementor-widget-divider--view-line_icon .elementor-divider-separator:before,.elementor-widget-divider--view-line_text .elementor-divider-separator:after,.elementor-widget-divider--view-line_text .elementor-divider-separator:before{display:block;content:\"\";border-bottom:0;-webkit-box-flex:1;-ms-flex-positive:1;flex-grow:1;border-top:var(--divider-border-width) var(--divider-border-style) var(--divider-color)}.elementor-widget-divider--element-align-left .elementor-divider .elementor-divider-separator>.elementor-divider__svg:first-of-type{-webkit-box-flex:0;-ms-flex-positive:0;flex-grow:0;-ms-flex-negative:100;flex-shrink:100}.elementor-widget-divider--element-align-left .elementor-divider-separator:before{content:none}.elementor-widget-divider--element-align-left .elementor-divider__element{margin-left:0}.elementor-widget-divider--element-align-right .elementor-divider .elementor-divider-separator>.elementor-divider__svg:last-of-type{-webkit-box-flex:0;-ms-flex-positive:0;flex-grow:0;-ms-flex-negative:100;flex-shrink:100}.elementor-widget-divider--element-align-right .elementor-divider-separator:after{content:none}.elementor-widget-divider--element-align-right .elementor-divider__element{margin-right:0}.elementor-widget-divider:not(.elementor-widget-divider--view-line_text):not(.elementor-widget-divider--view-line_icon) .elementor-divider-separator{border-top:var(--divider-border-width) var(--divider-border-style) var(--divider-color)}.elementor-widget-divider--separator-type-pattern{--divider-border-style:none}.elementor-widget-divider--separator-type-pattern.elementor-widget-divider--view-line .elementor-divider-separator,.elementor-widget-divider--separator-type-pattern:not(.elementor-widget-divider--view-line) .elementor-divider-separator:after,.elementor-widget-divider--separator-type-pattern:not(.elementor-widget-divider--view-line) .elementor-divider-separator:before,.elementor-widget-divider--separator-type-pattern:not([class*=elementor-widget-divider--view]) .elementor-divider-separator{width:100%;min-height:var(--divider-pattern-height);-webkit-mask-size:var(--divider-pattern-size) 100%;mask-size:var(--divider-pattern-size) 100%;-webkit-mask-repeat:var(--divider-pattern-repeat);mask-repeat:var(--divider-pattern-repeat);background-color:var(--divider-color);-webkit-mask-image:var(--divider-pattern-url);mask-image:var(--divider-pattern-url)}.elementor-widget-divider--no-spacing{--divider-pattern-size:auto}.elementor-widget-divider--bg-round{--divider-pattern-repeat:round}.rtl .elementor-widget-divider .elementor-divider__text{direction:rtl}.e-container>.elementor-widget-divider{width:var(--container-widget-width,100%);--flex-grow:var(--container-widget-flex-grow,0)}<\/style>\t\t<div class=\"elementor-divider\">\n\t\t\t<span class=\"elementor-divider-separator\">\n\t\t\t\t\t\t<\/span>\n\t\t<\/div>\n\t\t\t\t<\/div>\n\t\t\t\t<\/div>\n\t\t\t\t<div class=\"elementor-element elementor-element-e5f497e elementor-widget elementor-widget-text-editor\" data-id=\"e5f497e\" data-element_type=\"widget\" data-widget_type=\"text-editor.default\">\n\t\t\t\t<div class=\"elementor-widget-container\">\n\t\t\t<style>\/*! elementor - v3.7.8 - 02-10-2022 *\/\n.elementor-widget-text-editor.elementor-drop-cap-view-stacked .elementor-drop-cap{background-color:#818a91;color:#fff}.elementor-widget-text-editor.elementor-drop-cap-view-framed .elementor-drop-cap{color:#818a91;border:3px solid;background-color:transparent}.elementor-widget-text-editor:not(.elementor-drop-cap-view-default) .elementor-drop-cap{margin-top:8px}.elementor-widget-text-editor:not(.elementor-drop-cap-view-default) .elementor-drop-cap-letter{width:1em;height:1em}.elementor-widget-text-editor .elementor-drop-cap{float:left;text-align:center;line-height:1;font-size:50px}.elementor-widget-text-editor .elementor-drop-cap-letter{display:inline-block}<\/style>\t\t\t\t<p>Joe&#8217;s Garage v\u00e4rnar om milj\u00f6n<\/p>\t\t\t\t\t\t<\/div>\n\t\t\t\t<\/div>\n\t\t\t\t<div class=\"elementor-element elementor-element-5dcd18a elementor-widget elementor-widget-text-editor\" data-id=\"5dcd18a\" data-element_type=\"widget\" data-widget_type=\"text-editor.default\">\n\t\t\t\t<div class=\"elementor-widget-container\">\n\t\t\t\t\t\t\t<div id=\"wrapperContent\" style=\"color: #000000; font-family: Arial; font-size: 12px; font-style: normal; font-weight: 400;\"><div class=\"defaultContent\" style=\"margin-top: 30px; margin-left: 55px; min-height: 400px;\"><div class=\"subContent\" style=\"width: 380px;\"><p>Vi f\u00f6ljer givetvis alla milj\u00f6lagar i v\u00e5r verksamhet. Lokalerna \u00e4r speciellt l\u00e4mpade f\u00f6r v\u00e5r verksamhet. De byggdes fr\u00e5n b\u00f6rjan f\u00f6r AMU som en utbildningsenhet f\u00f6r lastbils-, buss- och truckk\u00f6rkort. N\u00e4r vi \u00f6vertog fastigheten anpassade vi den f\u00f6r v\u00e5r verksamhet och har sedan gradvis moderniserat den.<\/p><p>En viktig del i v\u00e5rt milj\u00f6arbete \u00e4r att h\u00e5lla v\u00e5ra kunders bilar i b\u00e4sta trim s\u00e5 att bilarnas milj\u00f6belastning blir s\u00e5 l\u00e5g som m\u00f6jligt. Vi \u00e5teranv\u00e4nder reservdelar fr\u00e5n demonterade bilar och sparar p\u00e5 s\u00e5 s\u00e4tt milj\u00f6n d\u00e5 nya reservdelar slipper att produceras.<\/p><p>I all verksamhet genereras det avfall i olika former, s\u00e5 ocks\u00e5 i v\u00e5r. Vi har tre olika milj\u00f6f\u00f6retag som h\u00e4mtar detta avfall. Samtliga \u00e4r stora, v\u00e4l etablerade f\u00f6retag och \u00e4r milj\u00f6certifierade enligt ISO14001 &#8211; som borgar f\u00f6r ett ansvarsfullt hanterande av alla sorters avfall.<\/p><p>Ragnsells AB:\u00a0 \u00a0<a style=\"color: #286105;\" href=\"http:\/\/www.ragnsells.se\/\" target=\"_blank\" rel=\"noopener\">http:\/\/www.ragnsells.se\/<\/a><\/p><p>H\u00e4mtar spillolja och oljefilter<\/p><p>Vi har moderna slutna system f\u00f6r motor- och v\u00e4xell\u00e5dsolja. Oljan finns i tankar och leds via pumpar och r\u00f6rsystem till ett pistolhandtag som fyller oljan direkt i motorn. Samma system finns f\u00f6r glykol och spolarv\u00e4tska. \u00c4ven spilloljan hanteras i slutna system och hamnar till sist i en tank som t\u00f6ms n\u00e4r den blir full (att tanken \u00e4r full meddelas automatiskt via en GSM-s\u00e4ndare till\u00a0Ragnsells som t\u00f6mmer tanken).<\/p><p>Puls AB:\u00a0 \u00a0\u00a0<a style=\"color: #286105;\" href=\"http:\/\/www.pulsab.se\/\" target=\"_blank\" rel=\"noopener\">http:\/\/www.pulsab.se\/<\/a><\/p><p>T\u00f6mmer regelbundet v\u00e5r oljeavskiljare<\/p><p>Verkst\u00e4derna har separata avskiljare i golvbrunnarna. Det g\u00f6r att om det blir n\u00e5got utsl\u00e4pp p\u00e5 golvet, s\u00e5 avskiljs det gr\u00f6vsta redan i golvbrunnarna innan det n\u00e5r oljeavskiljaren i avloppet. Det inneb\u00e4r att vi i princip aldrig har n\u00e5gon olja eller liknande som hamnar i oljeavskiljaren &#8211; n\u00e4r vi g\u00f6r v\u00e5ra regelbundna milj\u00f6kontroller och i samband med dessa kontrollerar oljeavskiljaren s\u00e5 kan vi vanligen endast se n\u00e5got tunt skikt p\u00e5 ytan, det \u00e4r s\u00e5 tunt att det inte \u00e4r m\u00e4tbart med v\u00e5ra metoder.<\/p><p>Sita: \u00a0\u00a0\u00a0<a style=\"color: #286105;\" href=\"http:\/\/www.sita.se\/\" target=\"_blank\" rel=\"noopener\">http:\/\/www.sita.se\/<\/a><\/p><p>Tar hand om skrot och kartongmaterial f\u00f6r \u00e5tervinning samt br\u00e4nnbart material f\u00f6r energi\u00e5tervinning. De tar \u00e4ven hand om allt annat avfall som v\u00e5r verksamhet genererar. Det g\u00e4ller \u00e4ven det milj\u00f6farliga avfallet.<\/p><p>Sita har ett effektivt system d\u00e4r de kommer och t\u00f6mmer v\u00e5ra containrar p\u00e5 plats &#8211; de vi anlitade tidigare k\u00f6rde och h\u00e4mtade containrarna, k\u00f6rde hem och t\u00f6mde samt k\u00f6rde tillbaka den t\u00f6mda containern till oss &#8211; Sita k\u00f6r till oss och t\u00f6mmer contaiern p\u00e5 plats &#8211; det inneb\u00e4r att de slipper k\u00f6ra l\u00e5nga str\u00e4ckor i on\u00f6dan. De har ocks\u00e5 ett mycket effektivt system n\u00e4r det g\u00e4ller det milj\u00f6farliga avfallet, de har ett fordon som h\u00e4mtar alla fraktioner av milj\u00f6farligt avfall p\u00e5 en g\u00e5ng.<\/p><p>En annan mycket viktig punkt n\u00e4r det g\u00e4ller milj\u00f6arbetet \u00e4r att minimera den energi\u00e5tg\u00e5ng som v\u00e5r verksamhet orsakar. V\u00e5r fastighet \u00e4r fr\u00e5n b\u00f6rjan byggd som en utbildningsenhet f\u00f6r lastbils-, buss- och truckf\u00f6rarutbildning inom d\u00e5varande AMU. Bygg\u00e5ret \u00e4r 1987. Kravspecifikationen kom fr\u00e5n AMU och hela fastigheten \u00e4r byggd med h\u00f6g kvalite&#8217;. Dock har v\u00e4rlden f\u00f6r\u00e4ndrats p\u00e5 drygt 25 \u00e5r och vi genomf\u00f6r en totalgenomg\u00e5ng av fastighetens energi\u00e5tg\u00e5ng p\u00e5 sikt. M\u00e5let \u00e4r att minimera denna energi\u00e5tg\u00e5ng f\u00f6r uppv\u00e4rmning och varmvatten. Ett exempel var att varmvattnet var dimensionerat f\u00f6r att ett flertal elever skall kunna duscha samtidigt &#8211; uppv\u00e4rmningen skedde med hj\u00e4lp av en naturgaspanna med en effekt p\u00e5 430 kWh och varmvattnet lagrades i ackumulatortankar p\u00e5 1500 liter. Denna l\u00f6sning g\u00f6r att gaspannan m\u00e5ste vara ig\u00e5ng \u00e5ret runt f\u00f6r att vi ska kunna ha varmvatten (\u00e4ven ett antal cirkulationspumpar m\u00e5ste vara ig\u00e5ng).<\/p><p>N\u00e4r det g\u00e4ller energi\u00e5tg\u00e5ng kan man g\u00f6ra mycket sj\u00e4lv, vi f\u00f6rs\u00f6ker att se till att inte lampor st\u00e5r t\u00e4nda i on\u00f6dan, och lokaler som inte anv\u00e4nds beh\u00f6ver inte heller v\u00e4rmas upp s\u00e5 mycket. Ist\u00e4llet f\u00f6r att v\u00e4rma upp en lokal, kan man anv\u00e4nda avfuktare som h\u00e5ller luftfuktigheten p\u00e5 en l\u00e5g niv\u00e5 och d\u00e4rmed skyddar det material som lagras d\u00e4r.<\/p><p><strong>\u00c5tg\u00e4rd 1, juni 2009:<\/strong><\/p><p>En 300 liters elektrisk varmvattenberedare installerades i juni 2009. Investeringskostnaden ber\u00e4knas vara insparad efter 4 m\u00e5nader. D\u00e4refter blir minskningen av naturgasf\u00f6rbrukningen cirka 1250 normalkubikmeter om \u00e5ret vilket medf\u00f6r att koldioxidutsl\u00e4ppet minskar med cirka 2750 kilo per \u00e5r. F\u00f6rbrukningen av elektrisk str\u00f6m som varmvattenberedaren kommer att g\u00f6ra av med f\u00f6r att producera varmvatten understiger den str\u00f6m som tidigare cirkulationspumparna gjorde av med.<\/p><p><strong>\u00c5tg\u00e4rd 2, sept 2009:<\/strong><\/p><p>Tv\u00e5\u00a0stycken luft-luft v\u00e4rmepumpar av m\u00e4rket Toshiba\u00a0installerades i september 2009, den ena i v\u00e5r bilhall och den andra i v\u00e5r stora verkstad. De \u00e4r toppmoderna och har en COP-faktor p\u00e5 cirka 5 (vid 7 graders utetemperatur). Det innneb\u00e4r att man f\u00e5r 5 g\u00e5nger s\u00e5 mycket energi\u00a0i form av v\u00e4rme\u00a0j\u00e4mf\u00f6rt med v\u00e4rmepumparnas str\u00f6mf\u00f6rbrukning. Tanken med dessa \u00e4r att de ska kunna v\u00e4rma lokalerna p\u00e5 v\u00e5r och h\u00f6st s\u00e5 att gaspannan inte beh\u00f6ver startas f\u00f6rr\u00e4n det blir riktigt kallt. Under vintern s\u00e5 f\u00e5r v\u00e4rmepumparna ge vad de kan. Investeringen l\u00e4r vara intj\u00e4nad p\u00e5 n\u00e5gra \u00e5r och milj\u00f6vinsten blir avsev\u00e4rd.<\/p><p><strong>\u00c5tg\u00e4rd 3, nov 2009:<\/strong><\/p><p>Hela ventilationssystemet reviderades under oktober av Installationsteamet i Malm\u00f6. Luftfl\u00f6desber\u00e4kningar gjordes om d\u00e5 v\u00e5r fastighet inte anv\u00e4nds som skola l\u00e4ngre och man d\u00e4rf\u00f6r inte beh\u00f6ver s\u00e5 mycket ventilation. Under arbetets g\u00e5ng uppt\u00e4cktes att det satt ett felaktigt remhjul p\u00e5 en fl\u00e4ktmotor som sk\u00f6tte verkstadens friskluftsinbl\u00e5s. Effekten av detta gjorde att det har matats in 50 procent f\u00f6r mycket luft i verkstaden. D\u00e5 fl\u00e4kten som suger ut den gamla luften var r\u00e4tt innebar detta att det blev ett \u00f6vertryck som troligtvis har l\u00e4ckt ut i alla springor. Detta fel har troligen funnits sedan 1987. Vad detta har kostat i form av kostnad och milj\u00f6belastning \u00e4r troligen sv\u00e5r att ber\u00e4kna &#8211; med den \u00e4r troligen h\u00f6g. Om man r\u00e4knar bara p\u00e5 str\u00f6mf\u00f6rbrukningen p\u00e5 denna enda fl\u00e4kt f\u00f6re och efter ombyggnad s\u00e5 \u00e4r besparingen av elenergi cirka 5000 kronor per \u00e5r. Anl\u00e4ggningen \u00e4r OVK besiktigad.<\/p><p><strong>\u00c5tg\u00e4rd 4, sept 2010:<\/strong><\/p><p>Till\u00e4ggsisolering av diverse svaga punkter p\u00e5 verkstadsbyggnaden.<\/p><p><strong>\u00c5tg\u00e4rd 5, mars 2013:<\/strong><\/p><p>P\u00e5 tv\u00e5 och en halv dag genomf\u00f6rdes ett byte av gaspanna av Hylen &amp; Kjellander VVS AB. Den gamla var en gigantisk panna som installerades 1987. Den hade p\u00e5 sin h\u00f6jd en verkningsgrad p\u00e5 80 procent.<\/p><p>Den nya \u00e4r en liten fin panna som sitter p\u00e5 v\u00e4ggen och \u00e4r stor som ett litet kylsk\u00e5p. Fabrikatet \u00e4r Milton Top Line 100 och den ger en toppeffekt p\u00e5 100 KW. Den \u00e4r s\u00e5 effektiv att den nya skorstenen best\u00e5r av ett plastr\u00f6r. Uppm\u00e4tt verkningsgrad vid installationen var 105 procent! (att man kan komma upp i en verkningsgrad p\u00e5 mer \u00e4n hundra procent beror p\u00e5 att fukten i f\u00f6rbr\u00e4nningsluften kondenseras och d\u00e4rmed vinner man en del energi). Var den verkliga besparingen blir f\u00e5r vi se i framtiden, men uppskattningsvis kommer vi att spara cirka 25 procent. Det inneb\u00e4r att vi sparar cirka 3000 normalkubikmeter vilket inneb\u00e4r en reducering av koldioxidutsl\u00e4ppet p\u00e5 6600 kilo per \u00e5r. R\u00e4knar man in att den nya pannan har ett modernt reglersystem som reglerar temperaturen p\u00e5 vattnet som cirkuleras blir besparingen \u00e4nnu st\u00f6rre d\u00e5 temperaturen efter pannbytet i princip alltid \u00e4r l\u00e4gre.<\/p><p><strong>\u00c5tg\u00e4rd 6, februari 2014:<\/strong><\/p><p>Porten till v\u00e5r tv\u00e4tthall\u00a0byttes ut\u00a0under februari m\u00e5nad. Den nya blir en modern takskjutsport med en \u00f6ppningsh\u00f6jd p\u00e5 3 meter ist\u00e4llet f\u00f6r den gamla vikporten som hade en h\u00f6jd p\u00e5 4,5 meter. Det inneb\u00e4r att varje g\u00e5ng man \u00f6ppnar porten s\u00e5 sl\u00e4pper man ut betydligt mindre v\u00e4rme. Den nya porten \u00e4r dessutom betydligt t\u00e4tare \u00e4n den gamla.<\/p><p><strong>\u00c5tg\u00e4rd 7, Naturgasf\u00f6rbrukning 2014<\/strong><\/p><p>S\u00e5 h\u00e4r i b\u00f6rjan p\u00e5 2015 kan vi konstatera att v\u00e5r naturgasf\u00f6rbrukning sj\u00f6nk med 30 procent j\u00e4mf\u00f6rt med \u00e5ret innan &#8211; det inneb\u00e4r ett minskat utsl\u00e4pp av koldioxid med 8000 kilo! Tack vare v\u00e5r gaspanna Milton Top Line 100!<\/p><p><strong>\u00c5tg\u00e4rd 8, v\u00e5ren 2018<\/strong><\/p><p>Vi anv\u00e4nder numera biogas f\u00f6r att v\u00e4rma upp v\u00e5ra lokaler.<\/p><p>Biogas \u00e4r en f\u00f6rnybar gas som framst\u00e4lls av organiskt nedbrytningsbart material. Liksom naturgas best\u00e5r biogas huvudsakligen av metan. Biogas bildas n\u00e4r organiskt material som exempelvis v\u00e4xter, g\u00f6dsel, k\u00e4llsorterat organiskt hush\u00e5llsavfall, avloppsvatten fr\u00e5n livsmedelsindustrier och slam fr\u00e5n avloppsreningsverk bryts ner av bakterier i syrefri milj\u00f6.<\/p><p>Ur milj\u00f6synpunkt har biogasen stora f\u00f6rdelar d\u00e5 det \u00e4r ett 100 procent f\u00f6rnybart br\u00e4nsle och i princip inte orsakar n\u00e5gra utsl\u00e4pp av koldioxid.<\/p><p>Den elektriska energi vi konsumerar kommer fr\u00e5n vatten- och vindkraft.<\/p><p><strong>\u00c5tg\u00e4rd 9, v\u00e5ren 2019<\/strong><\/p><p>Vi bytte ut alla v\u00e5ra gamla vikportar i verkstan, totalt 7 stycken, till moderna v\u00e4lisolerade takskjutsportar. De flesta \u00e4r nu elstyrda vilket inneb\u00e4r att vi mera effektivt kan \u00f6ppna och st\u00e4nga dem.<\/p><p><strong>\u00c5tg\u00e4rd 10, 2020<\/strong><\/p><p>Montering av entresolplan,omfattande f\u00f6rb\u00e4ttring av verkstadens isolering.\u00a0<\/p><\/div><p><strong>\u00c5tg\u00e4rd 11, 2021<\/strong><\/p><p>Ombyggnad av v\u00e4rmesystemet i verkstaden, byte av styrsystem f\u00f6r v\u00e4rmen, Ytterligare f\u00f6rb\u00e4ttring av isoleringen i verkstaden.\u00a0<\/p><div class=\"subContent\" style=\"width: 380px;\"><div>\u00a0<\/div><\/div><\/div><\/div>\t\t\t\t\t\t<\/div>\n\t\t\t\t<\/div>\n\t\t\t\t\t<\/div>\n\t\t<\/div>\n\t\t\t\t<div class=\"elementor-column elementor-col-50 elementor-top-column elementor-element elementor-element-e5fdae0\" data-id=\"e5fdae0\" data-element_type=\"column\">\n\t\t\t<div class=\"elementor-widget-wrap elementor-element-populated\">\n\t\t\t\t\t\t\t\t<div class=\"elementor-element elementor-element-96b5b53 elementor-widget elementor-widget-image\" data-id=\"96b5b53\" data-element_type=\"widget\" data-widget_type=\"image.default\">\n\t\t\t\t<div class=\"elementor-widget-container\">\n\t\t\t<style>\/*! elementor - v3.7.8 - 02-10-2022 *\/\n.elementor-widget-image{text-align:center}.elementor-widget-image a{display:inline-block}.elementor-widget-image a img[src$=\".svg\"]{width:48px}.elementor-widget-image img{vertical-align:middle;display:inline-block}<\/style>\t\t\t\t\t\t\t\t\t\t\t\t<img loading=\"lazy\" decoding=\"async\" width=\"500\" height=\"600\" src=\"https:\/\/joesgarage.se\/wp-content\/uploads\/2020\/10\/Logo.jpg\" class=\"attachment-full size-full\" alt=\"\" srcset=\"https:\/\/joesgarage.se\/wp-content\/uploads\/2020\/10\/Logo.jpg 500w, https:\/\/joesgarage.se\/wp-content\/uploads\/2020\/10\/Logo-250x300.jpg 250w\" sizes=\"auto, (max-width: 500px) 100vw, 500px\" \/>\t\t\t\t\t\t\t\t\t\t\t\t\t\t\t<\/div>\n\t\t\t\t<\/div>\n\t\t\t\t\t<\/div>\n\t\t<\/div>\n\t\t\t\t\t\t\t<\/div>\n\t\t<\/section>\n\t\t\t\t\t\t\t<\/div>\n\t\t","protected":false},"excerpt":{"rendered":"<p>Milj\u00f6policy milj\u00f6 Joe&#8217;s Garage v\u00e4rnar om milj\u00f6n Vi f\u00f6ljer givetvis alla milj\u00f6lagar i v\u00e5r verksamhet. Lokalerna \u00e4r speciellt l\u00e4mpade f\u00f6r v\u00e5r verksamhet. De byggdes fr\u00e5n b\u00f6rjan f\u00f6r AMU som en utbildningsenhet f\u00f6r lastbils-, buss- och truckk\u00f6rkort. N\u00e4r vi \u00f6vertog fastigheten anpassade vi den f\u00f6r v\u00e5r verksamhet och har sedan gradvis moderniserat den. En viktig del &hellip;<\/p>\n<p class=\"read-more\"> <a class=\"\" href=\"https:\/\/joesgarage.se\/?page_id=491\"> <span class=\"screen-reader-text\">Milj\u00f6<\/span> L\u00e4s mer &raquo;<\/a><\/p>\n","protected":false},"author":1,"featured_media":0,"parent":449,"menu_order":0,"comment_status":"closed","ping_status":"closed","template":"","meta":{"site-sidebar-layout":"no-sidebar","site-content-layout":"page-builder","ast-global-header-display":"","ast-main-header-display":"","ast-hfb-above-header-display":"","ast-hfb-below-header-display":"","ast-hfb-mobile-header-display":"","site-post-title":"disabled","ast-breadcrumbs-content":"","ast-featured-img":"disabled","footer-sml-layout":"","theme-transparent-header-meta":"enabled","adv-header-id-meta":"","stick-header-meta":"","header-above-stick-meta":"","header-main-stick-meta":"","header-below-stick-meta":"","footnotes":""},"class_list":["post-491","page","type-page","status-publish","hentry"],"_links":{"self":[{"href":"https:\/\/joesgarage.se\/index.php?rest_route=\/wp\/v2\/pages\/491","targetHints":{"allow":["GET"]}}],"collection":[{"href":"https:\/\/joesgarage.se\/index.php?rest_route=\/wp\/v2\/pages"}],"about":[{"href":"https:\/\/joesgarage.se\/index.php?rest_route=\/wp\/v2\/types\/page"}],"author":[{"embeddable":true,"href":"https:\/\/joesgarage.se\/index.php?rest_route=\/wp\/v2\/users\/1"}],"replies":[{"embeddable":true,"href":"https:\/\/joesgarage.se\/index.php?rest_route=%2Fwp%2Fv2%2Fcomments&post=491"}],"version-history":[{"count":0,"href":"https:\/\/joesgarage.se\/index.php?rest_route=\/wp\/v2\/pages\/491\/revisions"}],"up":[{"embeddable":true,"href":"https:\/\/joesgarage.se\/index.php?rest_route=\/wp\/v2\/pages\/449"}],"wp:attachment":[{"href":"https:\/\/joesgarage.se\/index.php?rest_route=%2Fwp%2Fv2%2Fmedia&parent=491"}],"curies":[{"name":"wp","href":"https:\/\/api.w.org\/{rel}","templated":true}]}}